{"id":2,"date":"2025-02-20T08:15:54","date_gmt":"2025-02-20T08:15:54","guid":{"rendered":"https:\/\/hidrogenosdelnervion.rkinformatika.online\/?page_id=2"},"modified":"2025-03-17T15:45:28","modified_gmt":"2025-03-17T15:45:28","slug":"sample-page","status":"publish","type":"page","link":"https:\/\/hidrogenosdelnervion.es\/eu\/","title":{"rendered":"Hasiera"},"content":{"rendered":"<div data-elementor-type=\"wp-page\" data-elementor-id=\"2\" class=\"elementor elementor-2\" data-elementor-post-type=\"page\">\n\t\t\t\t<div class=\"elementor-element elementor-element-d958a78 e-con-full e-flex e-con e-parent\" data-id=\"d958a78\" data-element_type=\"container\" data-e-type=\"container\" data-settings=\"{&quot;background_background&quot;:&quot;classic&quot;}\">\n\t\t\t\t<div class=\"elementor-element elementor-element-e12b6b6 elementor-widget elementor-widget-heading\" data-id=\"e12b6b6\" data-element_type=\"widget\" data-e-type=\"widget\" data-widget_type=\"heading.default\">\n\t\t\t\t<div class=\"elementor-widget-container\">\n\t\t\t\t\t<h2 class=\"elementor-heading-title elementor-size-default\">Hidrogeno sistemetan espezializatua <br>eta PEM motako erregai-pilak.<\/h2>\t\t\t\t<\/div>\n\t\t\t\t<\/div>\n\t\t\t\t<div class=\"elementor-element elementor-element-a816567 elementor-widget__width-initial elementor-widget elementor-widget-counter\" data-id=\"a816567\" data-element_type=\"widget\" data-e-type=\"widget\" data-widget_type=\"counter.default\">\n\t\t\t\t<div class=\"elementor-widget-container\">\n\t\t\t\t\t\t\t<div class=\"elementor-counter\">\n\t\t\t<div class=\"elementor-counter-title\">Esperientzia-urteak<\/div>\t\t\t<div class=\"elementor-counter-number-wrapper\">\n\t\t\t\t<span class=\"elementor-counter-number-prefix\">+<\/span>\n\t\t\t\t<span class=\"elementor-counter-number\" data-duration=\"2000\" data-to-value=\"20\" data-from-value=\"0\" data-delimiter=\",\">0<\/span>\n\t\t\t\t<span class=\"elementor-counter-number-suffix\"><\/span>\n\t\t\t<\/div>\n\t\t<\/div>\n\t\t\t\t\t\t<\/div>\n\t\t\t\t<\/div>\n\t\t\t\t<\/div>\n\t\t<div class=\"elementor-element elementor-element-8a858d7 e-flex e-con-boxed e-con e-parent\" data-id=\"8a858d7\" data-element_type=\"container\" data-e-type=\"container\">\n\t\t\t\t\t<div class=\"e-con-inner\">\n\t\t<div class=\"elementor-element elementor-element-701636f e-con-full e-flex e-con e-child\" data-id=\"701636f\" data-element_type=\"container\" data-e-type=\"container\">\n\t\t\t\t<div class=\"elementor-element elementor-element-44c2074 elementor-widget elementor-widget-heading\" data-id=\"44c2074\" data-element_type=\"widget\" data-e-type=\"widget\" data-widget_type=\"heading.default\">\n\t\t\t\t<div class=\"elementor-widget-container\">\n\t\t\t\t\t<h2 class=\"elementor-heading-title elementor-size-default\">Soila ... <br><br>\nNERBIOIKO HIDROGENOAK - H2PLANET<\/h2>\t\t\t\t<\/div>\n\t\t\t\t<\/div>\n\t\t\t\t<div class=\"elementor-element elementor-element-0ebb106 elementor-widget elementor-widget-text-editor\" data-id=\"0ebb106\" data-element_type=\"widget\" data-e-type=\"widget\" data-widget_type=\"text-editor.default\">\n\t\t\t\t<div class=\"elementor-widget-container\">\n\t\t\t\t\t\t\t\t\t<p>Hidrogeno sistemetan eta PEM motako erregai piletan espezializatutako ingeniaritza bat gara; H2an oinarritutako soluzio energetikoak diseinatzen ditugu, baita balio kateko elementu guztiekin osatutako sistemak ere, hidrogenoa sortzetik hasi eta erregai pila batean elikatzeraino, konexio guztiak kustomizatuta. Presio baxuko biltegiratze deposituen fabrikatzaileak eta garatzaileak gara (hidruro metalikoak), baita BOP diseinurako hainbat osagarrirenak ere, ahalik eta eraginkortasun handienarekin; oraintxe bertan, gure potentzialik handienetako bat eguzki energia duten hidrogeno sistemen hibridazio proiektuak dira.<\/p>\t\t\t\t\t\t\t\t<\/div>\n\t\t\t\t<\/div>\n\t\t\t\t<\/div>\n\t\t<div class=\"elementor-element elementor-element-d62b785 e-con-full e-flex e-con e-child\" data-id=\"d62b785\" data-element_type=\"container\" data-e-type=\"container\" data-settings=\"{&quot;background_background&quot;:&quot;classic&quot;}\">\n\t\t\t\t<\/div>\n\t\t\t\t\t<\/div>\n\t\t\t\t<\/div>\n\t\t<div class=\"elementor-element elementor-element-85ba032 e-flex e-con-boxed e-con e-parent\" data-id=\"85ba032\" data-element_type=\"container\" data-e-type=\"container\" data-settings=\"{&quot;background_background&quot;:&quot;classic&quot;}\">\n\t\t\t\t\t<div class=\"e-con-inner\">\n\t\t\t\t<div class=\"elementor-element elementor-element-0c92570 elementor-widget elementor-widget-heading\" data-id=\"0c92570\" data-element_type=\"widget\" data-e-type=\"widget\" data-widget_type=\"heading.default\">\n\t\t\t\t<div class=\"elementor-widget-container\">\n\t\t\t\t\t<h2 class=\"elementor-heading-title elementor-size-default\">HIDROGENOAN OINARRITUTAKO ENERGIA SOLUZIOETAN ADITUAK GARA.<\/h2>\t\t\t\t<\/div>\n\t\t\t\t<\/div>\n\t\t\t\t<div class=\"elementor-element elementor-element-692062f elementor-widget elementor-widget-text-editor\" data-id=\"692062f\" data-element_type=\"widget\" data-e-type=\"widget\" data-widget_type=\"text-editor.default\">\n\t\t\t\t<div class=\"elementor-widget-container\">\n\t\t\t\t\t\t\t\t\t<p style=\"font-weight: 400;\">Hidrogeno Nerbioi ingeniaritza kimikoko, industria-sektoreko eta sektore aeronautikoko profesionalek osatutako enpresa da. 2007an sortu zen, energia berriztagarrien teknologia berrietan aurrera egiteko gogoarekin eta helburuarekin, hidrogenoaren teknologia eta erregai-pilak oinarri hartuta.<\/p><p style=\"font-weight: 400;\">Nuestra misi\u00f3n se ha centrado desde un principio en la difusi\u00f3n del conocimiento en la tecnolog\u00eda de las pilas de hidr\u00f3geno y nuevos equipos con diferentes aplicaciones reales, ofreciendo una alternativa diferente a los combustibles f\u00f3siles. Todos nuestros servicios se orientan en este sentido, teniendo todos ellos algo en com\u00fan, la innovaci\u00f3n; desde Hidr\u00f3genos del Nervi\u00f3n S.L. pensamos que la innovaci\u00f3n as\u00ed como la investigaci\u00f3n dentro de una empresa es clave para el desarrollo y avance de la misma, ofreciendo, calidad, profesionalidad, experiencia y mejora continua a nuestros clientes.<\/p><p style=\"font-weight: 400;\">Gure enpresa dinamikoa, berrikuntzarako dohain sendoekin, hasiera-hasieratik bermatzen da \u201cHydro2power S.R.L\u201d enpresarekin duen enpresa-lankidetzagatik. Enpresa horrek Milango politeknikoan du egoitza, eta H2PLANET taldea sortzen du, sektorean erreferentziazko marka dena, urte hauetan guztietan izan dugun esperientzia handiagatik, bai eta Horizon Fuel Cellek Espainian duen ordezkaritza ere, erregai-pilen mundu mailako fabrikatzaile handi eta ospetsuenetako batek, urte hauetan profesional talde handi bat sortzea lortu baitu.<\/p>\t\t\t\t\t\t\t\t<\/div>\n\t\t\t\t<\/div>\n\t\t\t\t\t<\/div>\n\t\t\t\t<\/div>\n\t\t<div class=\"elementor-element elementor-element-ddf4e57 e-flex e-con-boxed e-con e-parent\" data-id=\"ddf4e57\" data-element_type=\"container\" data-e-type=\"container\">\n\t\t\t\t\t<div class=\"e-con-inner\">\n\t\t\t\t<div class=\"elementor-element elementor-element-02f87d9 elementor-widget elementor-widget-video\" data-id=\"02f87d9\" data-element_type=\"widget\" data-e-type=\"widget\" data-settings=\"{&quot;youtube_url&quot;:&quot;https:\\\/\\\/www.youtube.com\\\/watch?v=WfY-hrnYMbo&quot;,&quot;video_type&quot;:&quot;youtube&quot;,&quot;controls&quot;:&quot;yes&quot;}\" data-widget_type=\"video.default\">\n\t\t\t\t<div class=\"elementor-widget-container\">\n\t\t\t\t\t\t\t<div class=\"elementor-wrapper elementor-open-inline\">\n\t\t\t<div class=\"elementor-video\"><\/div>\t\t<\/div>\n\t\t\t\t\t\t<\/div>\n\t\t\t\t<\/div>\n\t\t\t\t\t<\/div>\n\t\t\t\t<\/div>\n\t\t<div class=\"elementor-element elementor-element-a30abfb e-flex e-con-boxed e-con e-parent\" data-id=\"a30abfb\" data-element_type=\"container\" data-e-type=\"container\">\n\t\t\t\t\t<div class=\"e-con-inner\">\n\t\t\t\t<div class=\"elementor-element elementor-element-f8cfc02 elementor-cta--skin-cover elementor-animated-content elementor-bg-transform elementor-bg-transform-zoom-in elementor-widget elementor-widget-call-to-action\" data-id=\"f8cfc02\" data-element_type=\"widget\" data-e-type=\"widget\" data-widget_type=\"call-to-action.default\">\n\t\t\t\t<div class=\"elementor-widget-container\">\n\t\t\t\t\t\t\t<div class=\"elementor-cta\">\n\t\t\t\t\t<div class=\"elementor-cta__bg-wrapper\">\n\t\t\t\t<div class=\"elementor-cta__bg elementor-bg\" style=\"background-image: url(https:\/\/hidrogenosdelnervion.es\/wp-content\/uploads\/2025\/02\/2151048200-1024x683.jpg);\" role=\"img\" aria-label=\"2151048200\"><\/div>\n\t\t\t\t<div class=\"elementor-cta__bg-overlay\"><\/div>\n\t\t\t<\/div>\n\t\t\t\t\t\t\t<div class=\"elementor-cta__content\">\n\t\t\t\t\n\t\t\t\t\t\t\t\t\t<h2 class=\"elementor-cta__title elementor-cta__content-item elementor-content-item elementor-animated-item--grow\">\n\t\t\t\t\t\tEzagutu kalitate handiko gure produktu eta zerbitzuen barietatea.\t\t\t\t\t<\/h2>\n\t\t\t\t\n\t\t\t\t\n\t\t\t\t\t\t\t\t\t<div class=\"elementor-cta__button-wrapper elementor-cta__content-item elementor-content-item elementor-animated-item--grow\">\n\t\t\t\t\t<a class=\"elementor-cta__button elementor-button elementor-size-\" href=\"https:\/\/hidrogenosdelnervion.es\/eu\/?page_id=70\">\n\t\t\t\t\t\tProduktuak\t\t\t\t\t<\/a>\n\t\t\t\t\t<\/div>\n\t\t\t\t\t\t\t<\/div>\n\t\t\t\t\t\t<\/div>\n\t\t\t\t\t\t<\/div>\n\t\t\t\t<\/div>\n\t\t\t\t\t<\/div>\n\t\t\t\t<\/div>\n\t\t<div class=\"elementor-element elementor-element-27b4c56 e-flex e-con-boxed e-con e-parent\" data-id=\"27b4c56\" data-element_type=\"container\" data-e-type=\"container\">\n\t\t\t\t\t<div class=\"e-con-inner\">\n\t\t\t\t<div class=\"elementor-element elementor-element-5d2570a elementor-cta--skin-cover elementor-animated-content elementor-bg-transform elementor-bg-transform-zoom-in elementor-widget elementor-widget-call-to-action\" data-id=\"5d2570a\" data-element_type=\"widget\" data-e-type=\"widget\" data-widget_type=\"call-to-action.default\">\n\t\t\t\t<div class=\"elementor-widget-container\">\n\t\t\t\t\t\t\t<div class=\"elementor-cta\">\n\t\t\t\t\t<div class=\"elementor-cta__bg-wrapper\">\n\t\t\t\t<div class=\"elementor-cta__bg elementor-bg\" style=\"background-image: url(https:\/\/hidrogenosdelnervion.es\/wp-content\/uploads\/2025\/03\/2148793481-1024x683.jpg);\" role=\"img\" aria-label=\"2148793481\"><\/div>\n\t\t\t\t<div class=\"elementor-cta__bg-overlay\"><\/div>\n\t\t\t<\/div>\n\t\t\t\t\t\t\t<div class=\"elementor-cta__content\">\n\t\t\t\t\n\t\t\t\t\t\t\t\t\t<h2 class=\"elementor-cta__title elementor-cta__content-item elementor-content-item elementor-animated-item--grow\">\n\t\t\t\t\t\tJarraitu WhatsAppeko H2planet kanalari!\t\t\t\t\t<\/h2>\n\t\t\t\t\n\t\t\t\t\n\t\t\t\t\t\t\t\t\t<div class=\"elementor-cta__button-wrapper elementor-cta__content-item elementor-content-item elementor-animated-item--grow\">\n\t\t\t\t\t<a class=\"elementor-cta__button elementor-button elementor-size-\" href=\"https:\/\/whatsapp.com\/channel\/0029Vb2Wyg2I7BeLywTzFB1Y\">\n\t\t\t\t\t\tWhatsapp kanala\t\t\t\t\t<\/a>\n\t\t\t\t\t<\/div>\n\t\t\t\t\t\t\t<\/div>\n\t\t\t\t\t\t<\/div>\n\t\t\t\t\t\t<\/div>\n\t\t\t\t<\/div>\n\t\t\t\t\t<\/div>\n\t\t\t\t<\/div>\n\t\t\t\t<\/div>","protected":false},"excerpt":{"rendered":"<p>Especializada en sistemas de Hidr\u00f3geno y pilas de combustible tipo PEM. A\u00f1os de experiencia + 0 Sobre HIDROGENOS DEL NERVION &#8211; H2PLANET Somos una ingenier\u00eda especializada en sistemas de Hidr\u00f3geno y pilas de combustible tipo PEM; dise\u00f1amos soluciones energ\u00e9ticas basadas en H2, as\u00ed como sistemas completos con todos los elementos de la cadena de valor, [&hellip;]<\/p>\n","protected":false},"author":1,"featured_media":0,"parent":0,"menu_order":0,"comment_status":"closed","ping_status":"closed","template":"elementor_header_footer","meta":{"footnotes":""},"class_list":["post-2","page","type-page","status-publish","hentry"],"yoast_head":"<!-- This site is optimized with the Yoast SEO plugin v27.4 - https:\/\/yoast.com\/product\/yoast-seo-wordpress\/ -->\n<title>Inicio - HIDROGENOS DEL NERVION - H2PLANET<\/title>\n<meta name=\"robots\" content=\"index, follow, max-snippet:-1, max-image-preview:large, max-video-preview:-1\" \/>\n<link rel=\"canonical\" href=\"https:\/\/hidrogenosdelnervion.es\/eu\/\" \/>\n<meta property=\"og:locale\" content=\"en_US\" \/>\n<meta property=\"og:type\" content=\"article\" \/>\n<meta property=\"og:title\" content=\"Inicio - HIDROGENOS DEL NERVION - H2PLANET\" \/>\n<meta property=\"og:description\" content=\"Especializada en sistemas de Hidr\u00f3geno y pilas de combustible tipo PEM. A\u00f1os de experiencia + 0 Sobre HIDROGENOS DEL NERVION &#8211; H2PLANET Somos una ingenier\u00eda especializada en sistemas de Hidr\u00f3geno y pilas de combustible tipo PEM; dise\u00f1amos soluciones energ\u00e9ticas basadas en H2, as\u00ed como sistemas completos con todos los elementos de la cadena de valor, [&hellip;]\" \/>\n<meta property=\"og:url\" content=\"https:\/\/hidrogenosdelnervion.es\/eu\/\" \/>\n<meta property=\"og:site_name\" content=\"HIDROGENOS DEL NERVION - H2PLANET\" \/>\n<meta property=\"article:modified_time\" content=\"2025-03-17T15:45:28+00:00\" \/>\n<meta name=\"twitter:card\" content=\"summary_large_image\" \/>\n<meta name=\"twitter:label1\" content=\"Est. reading time\" \/>\n\t<meta name=\"twitter:data1\" content=\"2 minutua\" \/>\n<script type=\"application\/ld+json\" class=\"yoast-schema-graph\">{\"@context\":\"https:\\\/\\\/schema.org\",\"@graph\":[{\"@type\":\"WebPage\",\"@id\":\"https:\\\/\\\/hidrogenosdelnervion.es\\\/\",\"url\":\"https:\\\/\\\/hidrogenosdelnervion.es\\\/\",\"name\":\"Inicio - HIDROGENOS DEL NERVION - H2PLANET\",\"isPartOf\":{\"@id\":\"https:\\\/\\\/hidrogenosdelnervion.es\\\/#website\"},\"datePublished\":\"2025-02-20T08:15:54+00:00\",\"dateModified\":\"2025-03-17T15:45:28+00:00\",\"breadcrumb\":{\"@id\":\"https:\\\/\\\/hidrogenosdelnervion.es\\\/#breadcrumb\"},\"inLanguage\":\"eu\",\"potentialAction\":[{\"@type\":\"ReadAction\",\"target\":[\"https:\\\/\\\/hidrogenosdelnervion.es\\\/\"]}]},{\"@type\":\"BreadcrumbList\",\"@id\":\"https:\\\/\\\/hidrogenosdelnervion.es\\\/#breadcrumb\",\"itemListElement\":[{\"@type\":\"ListItem\",\"position\":1,\"name\":\"Portada\",\"item\":\"https:\\\/\\\/hidrogenosdelnervion.es\\\/\"},{\"@type\":\"ListItem\",\"position\":2,\"name\":\"Inicio\"}]},{\"@type\":\"WebSite\",\"@id\":\"https:\\\/\\\/hidrogenosdelnervion.es\\\/#website\",\"url\":\"https:\\\/\\\/hidrogenosdelnervion.es\\\/\",\"name\":\"HIDROGENOS DEL NERVION - H2PLANET\",\"description\":\"Sistemas de Hidr\u00f3geno y pilas de combustible tipo PEM\",\"publisher\":{\"@id\":\"https:\\\/\\\/hidrogenosdelnervion.es\\\/#organization\"},\"potentialAction\":[{\"@type\":\"SearchAction\",\"target\":{\"@type\":\"EntryPoint\",\"urlTemplate\":\"https:\\\/\\\/hidrogenosdelnervion.es\\\/?s={search_term_string}\"},\"query-input\":{\"@type\":\"PropertyValueSpecification\",\"valueRequired\":true,\"valueName\":\"search_term_string\"}}],\"inLanguage\":\"eu\"},{\"@type\":\"Organization\",\"@id\":\"https:\\\/\\\/hidrogenosdelnervion.es\\\/#organization\",\"name\":\"HIDROGENOS DEL NERVION - H2PLANET\",\"url\":\"https:\\\/\\\/hidrogenosdelnervion.es\\\/\",\"logo\":{\"@type\":\"ImageObject\",\"inLanguage\":\"eu\",\"@id\":\"https:\\\/\\\/hidrogenosdelnervion.es\\\/#\\\/schema\\\/logo\\\/image\\\/\",\"url\":\"https:\\\/\\\/hidrogenosdelnervion.es\\\/wp-content\\\/uploads\\\/2025\\\/02\\\/marca1.png\",\"contentUrl\":\"https:\\\/\\\/hidrogenosdelnervion.es\\\/wp-content\\\/uploads\\\/2025\\\/02\\\/marca1.png\",\"width\":2480,\"height\":804,\"caption\":\"HIDROGENOS DEL NERVION - H2PLANET\"},\"image\":{\"@id\":\"https:\\\/\\\/hidrogenosdelnervion.es\\\/#\\\/schema\\\/logo\\\/image\\\/\"}}]}<\/script>\n<!-- \/ Yoast SEO plugin. -->","yoast_head_json":{"title":"Inicio - HIDROGENOS DEL NERVION - H2PLANET","robots":{"index":"index","follow":"follow","max-snippet":"max-snippet:-1","max-image-preview":"max-image-preview:large","max-video-preview":"max-video-preview:-1"},"canonical":"https:\/\/hidrogenosdelnervion.es\/eu\/","og_locale":"en_US","og_type":"article","og_title":"Inicio - HIDROGENOS DEL NERVION - H2PLANET","og_description":"Especializada en sistemas de Hidr\u00f3geno y pilas de combustible tipo PEM. A\u00f1os de experiencia + 0 Sobre HIDROGENOS DEL NERVION &#8211; H2PLANET Somos una ingenier\u00eda especializada en sistemas de Hidr\u00f3geno y pilas de combustible tipo PEM; dise\u00f1amos soluciones energ\u00e9ticas basadas en H2, as\u00ed como sistemas completos con todos los elementos de la cadena de valor, [&hellip;]","og_url":"https:\/\/hidrogenosdelnervion.es\/eu\/","og_site_name":"HIDROGENOS DEL NERVION - H2PLANET","article_modified_time":"2025-03-17T15:45:28+00:00","twitter_card":"summary_large_image","twitter_misc":{"Est. reading time":"2 minutua"},"schema":{"@context":"https:\/\/schema.org","@graph":[{"@type":"WebPage","@id":"https:\/\/hidrogenosdelnervion.es\/","url":"https:\/\/hidrogenosdelnervion.es\/","name":"Inicio - HIDROGENOS DEL NERVION - H2PLANET","isPartOf":{"@id":"https:\/\/hidrogenosdelnervion.es\/#website"},"datePublished":"2025-02-20T08:15:54+00:00","dateModified":"2025-03-17T15:45:28+00:00","breadcrumb":{"@id":"https:\/\/hidrogenosdelnervion.es\/#breadcrumb"},"inLanguage":"eu","potentialAction":[{"@type":"ReadAction","target":["https:\/\/hidrogenosdelnervion.es\/"]}]},{"@type":"BreadcrumbList","@id":"https:\/\/hidrogenosdelnervion.es\/#breadcrumb","itemListElement":[{"@type":"ListItem","position":1,"name":"Portada","item":"https:\/\/hidrogenosdelnervion.es\/"},{"@type":"ListItem","position":2,"name":"Inicio"}]},{"@type":"WebSite","@id":"https:\/\/hidrogenosdelnervion.es\/#website","url":"https:\/\/hidrogenosdelnervion.es\/","name":"NERBIOIKO HIDROGENOAK - H2PLANET","description":"Sistemas de Hidr\u00f3geno y pilas de combustible tipo PEM","publisher":{"@id":"https:\/\/hidrogenosdelnervion.es\/#organization"},"potentialAction":[{"@type":"SearchAction","target":{"@type":"EntryPoint","urlTemplate":"https:\/\/hidrogenosdelnervion.es\/?s={search_term_string}"},"query-input":{"@type":"PropertyValueSpecification","valueRequired":true,"valueName":"search_term_string"}}],"inLanguage":"eu"},{"@type":"Organization","@id":"https:\/\/hidrogenosdelnervion.es\/#organization","name":"NERBIOIKO HIDROGENOAK - H2PLANET","url":"https:\/\/hidrogenosdelnervion.es\/","logo":{"@type":"ImageObject","inLanguage":"eu","@id":"https:\/\/hidrogenosdelnervion.es\/#\/schema\/logo\/image\/","url":"https:\/\/hidrogenosdelnervion.es\/wp-content\/uploads\/2025\/02\/marca1.png","contentUrl":"https:\/\/hidrogenosdelnervion.es\/wp-content\/uploads\/2025\/02\/marca1.png","width":2480,"height":804,"caption":"HIDROGENOS DEL NERVION - H2PLANET"},"image":{"@id":"https:\/\/hidrogenosdelnervion.es\/#\/schema\/logo\/image\/"}}]}},"_links":{"self":[{"href":"https:\/\/hidrogenosdelnervion.es\/eu\/wp-json\/wp\/v2\/pages\/2","targetHints":{"allow":["GET"]}}],"collection":[{"href":"https:\/\/hidrogenosdelnervion.es\/eu\/wp-json\/wp\/v2\/pages"}],"about":[{"href":"https:\/\/hidrogenosdelnervion.es\/eu\/wp-json\/wp\/v2\/types\/page"}],"author":[{"embeddable":true,"href":"https:\/\/hidrogenosdelnervion.es\/eu\/wp-json\/wp\/v2\/users\/1"}],"replies":[{"embeddable":true,"href":"https:\/\/hidrogenosdelnervion.es\/eu\/wp-json\/wp\/v2\/comments?post=2"}],"version-history":[{"count":208,"href":"https:\/\/hidrogenosdelnervion.es\/eu\/wp-json\/wp\/v2\/pages\/2\/revisions"}],"predecessor-version":[{"id":822,"href":"https:\/\/hidrogenosdelnervion.es\/eu\/wp-json\/wp\/v2\/pages\/2\/revisions\/822"}],"wp:attachment":[{"href":"https:\/\/hidrogenosdelnervion.es\/eu\/wp-json\/wp\/v2\/media?parent=2"}],"curies":[{"name":"wp","href":"https:\/\/api.w.org\/{rel}","templated":true}]}}