{"id":72,"date":"2025-02-21T13:43:27","date_gmt":"2025-02-21T13:43:27","guid":{"rendered":"https:\/\/hidrogenosdelnervion.rkinformatika.online\/?page_id=72"},"modified":"2025-06-17T07:57:53","modified_gmt":"2025-06-17T07:57:53","slug":"contactos","status":"publish","type":"page","link":"https:\/\/hidrogenosdelnervion.es\/eu\/contactos\/","title":{"rendered":"Kontaktuak"},"content":{"rendered":"\t\t<div data-elementor-type=\"wp-page\" data-elementor-id=\"72\" class=\"elementor elementor-72\" data-elementor-post-type=\"page\">\n\t\t\t\t<div class=\"elementor-element elementor-element-c060942 e-flex e-con-boxed e-con e-parent\" data-id=\"c060942\" data-element_type=\"container\" data-e-type=\"container\">\n\t\t\t\t\t<div class=\"e-con-inner\">\n\t\t<div class=\"elementor-element elementor-element-cb00091 e-con-full e-flex e-con e-child\" data-id=\"cb00091\" data-element_type=\"container\" data-e-type=\"container\" data-settings=\"{&quot;background_background&quot;:&quot;classic&quot;}\">\n\t\t\t\t<div class=\"elementor-element elementor-element-61fa89d elementor-widget elementor-widget-heading\" data-id=\"61fa89d\" data-element_type=\"widget\" data-e-type=\"widget\" data-widget_type=\"heading.default\">\n\t\t\t\t<div class=\"elementor-widget-container\">\n\t\t\t\t\t<h2 class=\"elementor-heading-title elementor-size-default\">Estamos aqu\u00ed para ayudarte.<\/h2>\t\t\t\t<\/div>\n\t\t\t\t<\/div>\n\t\t\t\t<div class=\"elementor-element elementor-element-b8d4302 elementor-widget elementor-widget-text-editor\" data-id=\"b8d4302\" data-element_type=\"widget\" data-e-type=\"widget\" data-widget_type=\"text-editor.default\">\n\t\t\t\t<div class=\"elementor-widget-container\">\n\t\t\t\t\t\t\t\t\t<p>\u00bfQuieres m\u00e1s informaci\u00f3n sobre nuestras soluciones en hidr\u00f3geno?<\/p><p>Lideramos la innovaci\u00f3n en tecnolog\u00eda de hidr\u00f3geno. Escr\u00edbenos y descubre c\u00f3mo podemos impulsar tu proyecto.<\/p>\t\t\t\t\t\t\t\t<\/div>\n\t\t\t\t<\/div>\n\t\t\t\t<div class=\"elementor-element elementor-element-ab558ac elementor-icon-list--layout-traditional elementor-list-item-link-full_width elementor-widget elementor-widget-icon-list\" data-id=\"ab558ac\" data-element_type=\"widget\" data-e-type=\"widget\" data-widget_type=\"icon-list.default\">\n\t\t\t\t<div class=\"elementor-widget-container\">\n\t\t\t\t\t\t\t<ul class=\"elementor-icon-list-items\">\n\t\t\t\t\t\t\t<li class=\"elementor-icon-list-item\">\n\t\t\t\t\t\t\t\t\t\t\t<a href=\"https:\/\/www.google.com\/maps\/place\/Hidrogenos+del+Nervi%C3%B3n+S.L-H2planet\/@42.9835523,-3.0193922,17z\/data=!3m1!4b1!4m6!3m5!1s0xd4faf49580197f5:0x60c0eebc986cc407!8m2!3d42.9835524!4d-3.0145213!16s%2Fg%2F1tq6lc_4?authuser=0&#038;entry=ttu&#038;g_ep=EgoyMDI1MDIxOS4xIKXMDSoASAFQAw%3D%3D\">\n\n\t\t\t\t\t\t\t\t\t\t\t\t<span class=\"elementor-icon-list-icon\">\n\t\t\t\t\t\t\t<svg aria-hidden=\"true\" class=\"e-font-icon-svg e-fas-map-marker-alt\" viewBox=\"0 0 384 512\" xmlns=\"http:\/\/www.w3.org\/2000\/svg\"><path d=\"M172.268 501.67C26.97 291.031 0 269.413 0 192 0 85.961 85.961 0 192 0s192 85.961 192 192c0 77.413-26.97 99.031-172.268 309.67-9.535 13.774-29.93 13.773-39.464 0zM192 272c44.183 0 80-35.817 80-80s-35.817-80-80-80-80 35.817-80 80 35.817 80 80 80z\"><\/path><\/svg>\t\t\t\t\t\t<\/span>\n\t\t\t\t\t\t\t\t\t\t<span class=\"elementor-icon-list-text\">POLIGONO INDUSTRIAL LA RONDINA I-4, 48460 Ordu\u00f1a (Bizkaia)<\/span>\n\t\t\t\t\t\t\t\t\t\t\t<\/a>\n\t\t\t\t\t\t\t\t\t<\/li>\n\t\t\t\t\t\t\t\t<li class=\"elementor-icon-list-item\">\n\t\t\t\t\t\t\t\t\t\t\t<a href=\"tel:%20660%20752%20803\">\n\n\t\t\t\t\t\t\t\t\t\t\t\t<span class=\"elementor-icon-list-icon\">\n\t\t\t\t\t\t\t<svg aria-hidden=\"true\" class=\"e-font-icon-svg e-fas-phone-alt\" viewBox=\"0 0 512 512\" xmlns=\"http:\/\/www.w3.org\/2000\/svg\"><path d=\"M497.39 361.8l-112-48a24 24 0 0 0-28 6.9l-49.6 60.6A370.66 370.66 0 0 1 130.6 204.11l60.6-49.6a23.94 23.94 0 0 0 6.9-28l-48-112A24.16 24.16 0 0 0 122.6.61l-104 24A24 24 0 0 0 0 48c0 256.5 207.9 464 464 464a24 24 0 0 0 23.4-18.6l24-104a24.29 24.29 0 0 0-14.01-27.6z\"><\/path><\/svg>\t\t\t\t\t\t<\/span>\n\t\t\t\t\t\t\t\t\t\t<span class=\"elementor-icon-list-text\">+34 660 752 803<\/span>\n\t\t\t\t\t\t\t\t\t\t\t<\/a>\n\t\t\t\t\t\t\t\t\t<\/li>\n\t\t\t\t\t\t\t\t<li class=\"elementor-icon-list-item\">\n\t\t\t\t\t\t\t\t\t\t\t<a href=\"\">\n\n\t\t\t\t\t\t\t\t\t\t\t\t<span class=\"elementor-icon-list-icon\">\n\t\t\t\t\t\t\t<svg aria-hidden=\"true\" class=\"e-font-icon-svg e-fas-envelope\" viewBox=\"0 0 512 512\" xmlns=\"http:\/\/www.w3.org\/2000\/svg\"><path d=\"M502.3 190.8c3.9-3.1 9.7-.2 9.7 4.7V400c0 26.5-21.5 48-48 48H48c-26.5 0-48-21.5-48-48V195.6c0-5 5.7-7.8 9.7-4.7 22.4 17.4 52.1 39.5 154.1 113.6 21.1 15.4 56.7 47.8 92.2 47.6 35.7.3 72-32.8 92.3-47.6 102-74.1 131.6-96.3 154-113.7zM256 320c23.2.4 56.6-29.2 73.4-41.4 132.7-96.3 142.8-104.7 173.4-128.7 5.8-4.5 9.2-11.5 9.2-18.9v-19c0-26.5-21.5-48-48-48H48C21.5 64 0 85.5 0 112v19c0 7.4 3.4 14.3 9.2 18.9 30.6 23.9 40.7 32.4 173.4 128.7 16.8 12.2 50.2 41.8 73.4 41.4z\"><\/path><\/svg>\t\t\t\t\t\t<\/span>\n\t\t\t\t\t\t\t\t\t\t<span class=\"elementor-icon-list-text\">bgordejuela@h2planet.es<\/span>\n\t\t\t\t\t\t\t\t\t\t\t<\/a>\n\t\t\t\t\t\t\t\t\t<\/li>\n\t\t\t\t\t\t\t\t<li class=\"elementor-icon-list-item\">\n\t\t\t\t\t\t\t\t\t\t\t<a href=\"\">\n\n\t\t\t\t\t\t\t\t\t\t\t\t<span class=\"elementor-icon-list-icon\">\n\t\t\t\t\t\t\t<svg aria-hidden=\"true\" class=\"e-font-icon-svg e-fas-envelope\" viewBox=\"0 0 512 512\" xmlns=\"http:\/\/www.w3.org\/2000\/svg\"><path d=\"M502.3 190.8c3.9-3.1 9.7-.2 9.7 4.7V400c0 26.5-21.5 48-48 48H48c-26.5 0-48-21.5-48-48V195.6c0-5 5.7-7.8 9.7-4.7 22.4 17.4 52.1 39.5 154.1 113.6 21.1 15.4 56.7 47.8 92.2 47.6 35.7.3 72-32.8 92.3-47.6 102-74.1 131.6-96.3 154-113.7zM256 320c23.2.4 56.6-29.2 73.4-41.4 132.7-96.3 142.8-104.7 173.4-128.7 5.8-4.5 9.2-11.5 9.2-18.9v-19c0-26.5-21.5-48-48-48H48C21.5 64 0 85.5 0 112v19c0 7.4 3.4 14.3 9.2 18.9 30.6 23.9 40.7 32.4 173.4 128.7 16.8 12.2 50.2 41.8 73.4 41.4z\"><\/path><\/svg>\t\t\t\t\t\t<\/span>\n\t\t\t\t\t\t\t\t\t\t<span class=\"elementor-icon-list-text\">begona@horizonfuelcell.com<\/span>\n\t\t\t\t\t\t\t\t\t\t\t<\/a>\n\t\t\t\t\t\t\t\t\t<\/li>\n\t\t\t\t\t\t\t\t<li class=\"elementor-icon-list-item\">\n\t\t\t\t\t\t\t\t\t\t\t<a href=\"\">\n\n\t\t\t\t\t\t\t\t\t\t\t\t<span class=\"elementor-icon-list-icon\">\n\t\t\t\t\t\t\t<svg aria-hidden=\"true\" class=\"e-font-icon-svg e-fas-envelope\" viewBox=\"0 0 512 512\" xmlns=\"http:\/\/www.w3.org\/2000\/svg\"><path d=\"M502.3 190.8c3.9-3.1 9.7-.2 9.7 4.7V400c0 26.5-21.5 48-48 48H48c-26.5 0-48-21.5-48-48V195.6c0-5 5.7-7.8 9.7-4.7 22.4 17.4 52.1 39.5 154.1 113.6 21.1 15.4 56.7 47.8 92.2 47.6 35.7.3 72-32.8 92.3-47.6 102-74.1 131.6-96.3 154-113.7zM256 320c23.2.4 56.6-29.2 73.4-41.4 132.7-96.3 142.8-104.7 173.4-128.7 5.8-4.5 9.2-11.5 9.2-18.9v-19c0-26.5-21.5-48-48-48H48C21.5 64 0 85.5 0 112v19c0 7.4 3.4 14.3 9.2 18.9 30.6 23.9 40.7 32.4 173.4 128.7 16.8 12.2 50.2 41.8 73.4 41.4z\"><\/path><\/svg>\t\t\t\t\t\t<\/span>\n\t\t\t\t\t\t\t\t\t\t<span class=\"elementor-icon-list-text\">staff@h2planet.es<\/span>\n\t\t\t\t\t\t\t\t\t\t\t<\/a>\n\t\t\t\t\t\t\t\t\t<\/li>\n\t\t\t\t\t\t<\/ul>\n\t\t\t\t\t\t<\/div>\n\t\t\t\t<\/div>\n\t\t\t\t<\/div>\n\t\t<div class=\"elementor-element elementor-element-3b4a566 e-con-full e-flex e-con e-child\" data-id=\"3b4a566\" data-element_type=\"container\" data-e-type=\"container\" data-settings=\"{&quot;background_background&quot;:&quot;classic&quot;}\">\n\t\t\t\t<div class=\"elementor-element elementor-element-6310ae9 elementor-widget elementor-widget-heading\" data-id=\"6310ae9\" data-element_type=\"widget\" data-e-type=\"widget\" data-widget_type=\"heading.default\">\n\t\t\t\t<div class=\"elementor-widget-container\">\n\t\t\t\t\t<h2 class=\"elementor-heading-title elementor-size-default\">Escr\u00edbenos y te asesoramos.<\/h2>\t\t\t\t<\/div>\n\t\t\t\t<\/div>\n\t\t\t\t<div class=\"elementor-element elementor-element-910f56a elementor-button-align-stretch elementor-widget elementor-widget-form\" data-id=\"910f56a\" data-element_type=\"widget\" data-e-type=\"widget\" data-settings=\"{&quot;step_next_label&quot;:&quot;Siguiente&quot;,&quot;step_previous_label&quot;:&quot;Anterior&quot;,&quot;button_width&quot;:&quot;100&quot;,&quot;step_type&quot;:&quot;number_text&quot;,&quot;step_icon_shape&quot;:&quot;circle&quot;}\" data-widget_type=\"form.default\">\n\t\t\t\t<div class=\"elementor-widget-container\">\n\t\t\t\t\t\t\t<form class=\"elementor-form\" method=\"post\" name=\"Nuevo formulario\" aria-label=\"Nuevo formulario\">\n\t\t\t<input type=\"hidden\" name=\"post_id\" value=\"72\"\/>\n\t\t\t<input type=\"hidden\" name=\"form_id\" value=\"910f56a\"\/>\n\t\t\t<input type=\"hidden\" name=\"referer_title\" value=\"Contactos - HIDROGENOS DEL NERVION - H2PLANET\" \/>\n\n\t\t\t\t\t\t\t<input type=\"hidden\" name=\"queried_id\" value=\"72\"\/>\n\t\t\t\n\t\t\t<div class=\"elementor-form-fields-wrapper elementor-labels-above\">\n\t\t\t\t\t\t\t\t<div class=\"elementor-field-type-text elementor-field-group elementor-column elementor-field-group-name elementor-col-100\">\n\t\t\t\t\t\t\t\t\t\t\t\t<label for=\"form-field-name\" class=\"elementor-field-label\">\n\t\t\t\t\t\t\t\tNombre\t\t\t\t\t\t\t<\/label>\n\t\t\t\t\t\t\t\t\t\t\t\t\t\t<input size=\"1\" type=\"text\" name=\"form_fields[name]\" id=\"form-field-name\" class=\"elementor-field elementor-size-sm  elementor-field-textual\" placeholder=\"Nombre\">\n\t\t\t\t\t\t\t\t\t\t\t<\/div>\n\t\t\t\t\t\t\t\t<div class=\"elementor-field-type-tel elementor-field-group elementor-column elementor-field-group-field_0b9706e elementor-col-100\">\n\t\t\t\t\t\t\t\t\t\t\t\t<label for=\"form-field-field_0b9706e\" class=\"elementor-field-label\">\n\t\t\t\t\t\t\t\tTel\u00e9fono\t\t\t\t\t\t\t<\/label>\n\t\t\t\t\t\t\t\t<input size=\"1\" type=\"tel\" name=\"form_fields[field_0b9706e]\" id=\"form-field-field_0b9706e\" class=\"elementor-field elementor-size-sm  elementor-field-textual\" placeholder=\"Tel\u00e9fono\" pattern=\"[0-9()#&amp;+*-=.]+\" title=\"Solo se aceptan n\u00fameros y caracteres de tel\u00e9fono (#,-,*,etc).\">\n\n\t\t\t\t\t\t<\/div>\n\t\t\t\t\t\t\t\t<div class=\"elementor-field-type-email elementor-field-group elementor-column elementor-field-group-email elementor-col-100 elementor-field-required\">\n\t\t\t\t\t\t\t\t\t\t\t\t<label for=\"form-field-email\" class=\"elementor-field-label\">\n\t\t\t\t\t\t\t\tE-mail\t\t\t\t\t\t\t<\/label>\n\t\t\t\t\t\t\t\t\t\t\t\t\t\t<input size=\"1\" type=\"email\" name=\"form_fields[email]\" id=\"form-field-email\" class=\"elementor-field elementor-size-sm  elementor-field-textual\" placeholder=\"E-mail\" required=\"required\">\n\t\t\t\t\t\t\t\t\t\t\t<\/div>\n\t\t\t\t\t\t\t\t<div class=\"elementor-field-type-textarea elementor-field-group elementor-column elementor-field-group-message elementor-col-100\">\n\t\t\t\t\t\t\t\t\t\t\t\t<label for=\"form-field-message\" class=\"elementor-field-label\">\n\t\t\t\t\t\t\t\tMensaje\t\t\t\t\t\t\t<\/label>\n\t\t\t\t\t\t<textarea class=\"elementor-field-textual elementor-field  elementor-size-sm\" name=\"form_fields[message]\" id=\"form-field-message\" rows=\"4\" placeholder=\"Mensaje\"><\/textarea>\t\t\t\t<\/div>\n\t\t\t\t\t\t\t\t<div class=\"elementor-field-type-recaptcha elementor-field-group elementor-column elementor-field-group-field_32142ad elementor-col-100\">\n\t\t\t\t\t<div class=\"elementor-field\" id=\"form-field-field_32142ad\"><div class=\"elementor-g-recaptcha\" data-sitekey=\"6Lc8n2MrAAAAANu_BcGwqCwkkavWv0ucrQjAFnxF\" data-type=\"v2_checkbox\" data-theme=\"light\" data-size=\"normal\"><\/div><\/div>\t\t\t\t<\/div>\n\t\t\t\t\t\t\t\t<div class=\"elementor-field-group elementor-column elementor-field-type-submit elementor-col-100 e-form__buttons\">\n\t\t\t\t\t<button class=\"elementor-button elementor-size-sm\" type=\"submit\" id=\"begona@horizonfuelcell.com\">\n\t\t\t\t\t\t<span class=\"elementor-button-content-wrapper\">\n\t\t\t\t\t\t\t\t\t\t\t\t\t\t\t\t\t\t\t\t\t\t<span class=\"elementor-button-text\">Enviar<\/span>\n\t\t\t\t\t\t\t\t\t\t\t\t\t<\/span>\n\t\t\t\t\t<\/button>\n\t\t\t\t<\/div>\n\t\t\t<\/div>\n\t\t<\/form>\n\t\t\t\t\t\t<\/div>\n\t\t\t\t<\/div>\n\t\t\t\t<\/div>\n\t\t\t\t\t<\/div>\n\t\t\t\t<\/div>\n\t\t<div class=\"elementor-element elementor-element-7d0d5d5 e-flex e-con-boxed e-con e-parent\" data-id=\"7d0d5d5\" data-element_type=\"container\" data-e-type=\"container\">\n\t\t\t\t\t<div class=\"e-con-inner\">\n\t\t\t\t<div class=\"elementor-element elementor-element-7377ed4 elementor-widget elementor-widget-image\" data-id=\"7377ed4\" data-element_type=\"widget\" data-e-type=\"widget\" data-widget_type=\"image.default\">\n\t\t\t\t<div class=\"elementor-widget-container\">\n\t\t\t\t\t\t\t\t\t\t\t\t\t\t\t<img fetchpriority=\"high\" decoding=\"async\" width=\"1536\" height=\"593\" src=\"https:\/\/hidrogenosdelnervion.es\/wp-content\/uploads\/2025\/03\/WhatsApp-Image-2025-03-10-at-13.02.11-1536x593.jpeg\" class=\"attachment-1536x1536 size-1536x1536 wp-image-796\" alt=\"\" srcset=\"https:\/\/hidrogenosdelnervion.es\/wp-content\/uploads\/2025\/03\/WhatsApp-Image-2025-03-10-at-13.02.11-1536x593.jpeg 1536w, https:\/\/hidrogenosdelnervion.es\/wp-content\/uploads\/2025\/03\/WhatsApp-Image-2025-03-10-at-13.02.11-300x116.jpeg 300w, https:\/\/hidrogenosdelnervion.es\/wp-content\/uploads\/2025\/03\/WhatsApp-Image-2025-03-10-at-13.02.11-1024x396.jpeg 1024w, https:\/\/hidrogenosdelnervion.es\/wp-content\/uploads\/2025\/03\/WhatsApp-Image-2025-03-10-at-13.02.11-768x297.jpeg 768w, https:\/\/hidrogenosdelnervion.es\/wp-content\/uploads\/2025\/03\/WhatsApp-Image-2025-03-10-at-13.02.11-18x7.jpeg 18w, https:\/\/hidrogenosdelnervion.es\/wp-content\/uploads\/2025\/03\/WhatsApp-Image-2025-03-10-at-13.02.11.jpeg 1600w\" sizes=\"(max-width: 1536px) 100vw, 1536px\" \/>\t\t\t\t\t\t\t\t\t\t\t\t\t\t\t<\/div>\n\t\t\t\t<\/div>\n\t\t\t\t\t<\/div>\n\t\t\t\t<\/div>\n\t\t<div class=\"elementor-element elementor-element-f6d7180 e-flex e-con-boxed e-con e-parent\" data-id=\"f6d7180\" data-element_type=\"container\" data-e-type=\"container\">\n\t\t\t\t\t<div class=\"e-con-inner\">\n\t\t\t\t<div class=\"elementor-element elementor-element-5445246 elementor-widget elementor-widget-google_maps\" data-id=\"5445246\" data-element_type=\"widget\" data-e-type=\"widget\" data-widget_type=\"google_maps.default\">\n\t\t\t\t<div class=\"elementor-widget-container\">\n\t\t\t\t\t\t\t<div class=\"elementor-custom-embed\">\n\t\t\t<iframe loading=\"lazy\"\n\t\t\t\t\tsrc=\"https:\/\/maps.google.com\/maps?q=Hidrogenos%20del%20Nervion%20S.L&#038;t=m&#038;z=15&#038;output=embed&#038;iwloc=near\"\n\t\t\t\t\ttitle=\"Hidrogenos del Nervion S.L\"\n\t\t\t\t\taria-label=\"Hidrogenos del Nervion S.L\"\n\t\t\t><\/iframe>\n\t\t<\/div>\n\t\t\t\t\t\t<\/div>\n\t\t\t\t<\/div>\n\t\t\t\t\t<\/div>\n\t\t\t\t<\/div>\n\t\t\t\t<\/div>\n\t\t","protected":false},"excerpt":{"rendered":"<p>Estamos aqu\u00ed para ayudarte. \u00bfQuieres m\u00e1s informaci\u00f3n sobre nuestras soluciones en hidr\u00f3geno? Lideramos la innovaci\u00f3n en tecnolog\u00eda de hidr\u00f3geno. Escr\u00edbenos y descubre c\u00f3mo podemos impulsar tu proyecto. POLIGONO INDUSTRIAL LA RONDINA I-4, 48460 Ordu\u00f1a (Bizkaia) +34 660 752 803 bgordejuela@h2planet.es begona@horizonfuelcell.com staff@h2planet.es Escr\u00edbenos y te asesoramos.<\/p>","protected":false},"author":1,"featured_media":0,"parent":0,"menu_order":0,"comment_status":"closed","ping_status":"closed","template":"elementor_header_footer","meta":{"footnotes":""},"class_list":["post-72","page","type-page","status-publish","hentry"],"yoast_head":"<!-- This site is optimized with the Yoast SEO plugin v27.5 - https:\/\/yoast.com\/product\/yoast-seo-wordpress\/ -->\n<title>Contactos - HIDROGENOS DEL NERVION - H2PLANET<\/title>\n<meta name=\"robots\" content=\"index, follow, max-snippet:-1, max-image-preview:large, max-video-preview:-1\" \/>\n<link rel=\"canonical\" href=\"https:\/\/hidrogenosdelnervion.es\/eu\/contactos\/\" \/>\n<meta property=\"og:locale\" content=\"en_US\" \/>\n<meta property=\"og:type\" content=\"article\" \/>\n<meta property=\"og:title\" content=\"Contactos - HIDROGENOS DEL NERVION - H2PLANET\" \/>\n<meta property=\"og:description\" content=\"Estamos aqu\u00ed para ayudarte. \u00bfQuieres m\u00e1s informaci\u00f3n sobre nuestras soluciones en hidr\u00f3geno? Lideramos la innovaci\u00f3n en tecnolog\u00eda de hidr\u00f3geno. Escr\u00edbenos y descubre c\u00f3mo podemos impulsar tu proyecto. POLIGONO INDUSTRIAL LA RONDINA I-4, 48460 Ordu\u00f1a (Bizkaia) +34 660 752 803 bgordejuela@h2planet.es begona@horizonfuelcell.com staff@h2planet.es Escr\u00edbenos y te asesoramos.\" \/>\n<meta property=\"og:url\" content=\"https:\/\/hidrogenosdelnervion.es\/eu\/contactos\/\" \/>\n<meta property=\"og:site_name\" content=\"HIDROGENOS DEL NERVION - H2PLANET\" \/>\n<meta property=\"article:modified_time\" content=\"2025-06-17T07:57:53+00:00\" \/>\n<meta property=\"og:image\" content=\"https:\/\/hidrogenosdelnervion.es\/wp-content\/uploads\/2025\/03\/WhatsApp-Image-2025-03-10-at-13.02.11.jpeg\" \/>\n\t<meta property=\"og:image:width\" content=\"1600\" \/>\n\t<meta property=\"og:image:height\" content=\"618\" \/>\n\t<meta property=\"og:image:type\" content=\"image\/jpeg\" \/>\n<meta name=\"twitter:card\" content=\"summary_large_image\" \/>\n<meta name=\"twitter:label1\" content=\"Est. reading time\" \/>\n\t<meta name=\"twitter:data1\" content=\"1 minutua\" \/>\n<script type=\"application\/ld+json\" class=\"yoast-schema-graph\">{\"@context\":\"https:\\\/\\\/schema.org\",\"@graph\":[{\"@type\":\"WebPage\",\"@id\":\"https:\\\/\\\/hidrogenosdelnervion.es\\\/contactos\\\/\",\"url\":\"https:\\\/\\\/hidrogenosdelnervion.es\\\/contactos\\\/\",\"name\":\"Contactos - HIDROGENOS DEL NERVION - H2PLANET\",\"isPartOf\":{\"@id\":\"https:\\\/\\\/hidrogenosdelnervion.es\\\/#website\"},\"primaryImageOfPage\":{\"@id\":\"https:\\\/\\\/hidrogenosdelnervion.es\\\/contactos\\\/#primaryimage\"},\"image\":{\"@id\":\"https:\\\/\\\/hidrogenosdelnervion.es\\\/contactos\\\/#primaryimage\"},\"thumbnailUrl\":\"https:\\\/\\\/hidrogenosdelnervion.es\\\/wp-content\\\/uploads\\\/2025\\\/03\\\/WhatsApp-Image-2025-03-10-at-13.02.11-1536x593.jpeg\",\"datePublished\":\"2025-02-21T13:43:27+00:00\",\"dateModified\":\"2025-06-17T07:57:53+00:00\",\"breadcrumb\":{\"@id\":\"https:\\\/\\\/hidrogenosdelnervion.es\\\/contactos\\\/#breadcrumb\"},\"inLanguage\":\"eu\",\"potentialAction\":[{\"@type\":\"ReadAction\",\"target\":[\"https:\\\/\\\/hidrogenosdelnervion.es\\\/contactos\\\/\"]}]},{\"@type\":\"ImageObject\",\"inLanguage\":\"eu\",\"@id\":\"https:\\\/\\\/hidrogenosdelnervion.es\\\/contactos\\\/#primaryimage\",\"url\":\"https:\\\/\\\/hidrogenosdelnervion.es\\\/wp-content\\\/uploads\\\/2025\\\/03\\\/WhatsApp-Image-2025-03-10-at-13.02.11-1536x593.jpeg\",\"contentUrl\":\"https:\\\/\\\/hidrogenosdelnervion.es\\\/wp-content\\\/uploads\\\/2025\\\/03\\\/WhatsApp-Image-2025-03-10-at-13.02.11-1536x593.jpeg\"},{\"@type\":\"BreadcrumbList\",\"@id\":\"https:\\\/\\\/hidrogenosdelnervion.es\\\/contactos\\\/#breadcrumb\",\"itemListElement\":[{\"@type\":\"ListItem\",\"position\":1,\"name\":\"Portada\",\"item\":\"https:\\\/\\\/hidrogenosdelnervion.es\\\/\"},{\"@type\":\"ListItem\",\"position\":2,\"name\":\"Contactos\"}]},{\"@type\":\"WebSite\",\"@id\":\"https:\\\/\\\/hidrogenosdelnervion.es\\\/#website\",\"url\":\"https:\\\/\\\/hidrogenosdelnervion.es\\\/\",\"name\":\"HIDROGENOS DEL NERVION - H2PLANET\",\"description\":\"Sistemas de Hidr\u00f3geno y pilas de combustible tipo PEM\",\"publisher\":{\"@id\":\"https:\\\/\\\/hidrogenosdelnervion.es\\\/#organization\"},\"potentialAction\":[{\"@type\":\"SearchAction\",\"target\":{\"@type\":\"EntryPoint\",\"urlTemplate\":\"https:\\\/\\\/hidrogenosdelnervion.es\\\/?s={search_term_string}\"},\"query-input\":{\"@type\":\"PropertyValueSpecification\",\"valueRequired\":true,\"valueName\":\"search_term_string\"}}],\"inLanguage\":\"eu\"},{\"@type\":\"Organization\",\"@id\":\"https:\\\/\\\/hidrogenosdelnervion.es\\\/#organization\",\"name\":\"HIDROGENOS DEL NERVION - H2PLANET\",\"url\":\"https:\\\/\\\/hidrogenosdelnervion.es\\\/\",\"logo\":{\"@type\":\"ImageObject\",\"inLanguage\":\"eu\",\"@id\":\"https:\\\/\\\/hidrogenosdelnervion.es\\\/#\\\/schema\\\/logo\\\/image\\\/\",\"url\":\"https:\\\/\\\/hidrogenosdelnervion.es\\\/wp-content\\\/uploads\\\/2025\\\/02\\\/marca1.png\",\"contentUrl\":\"https:\\\/\\\/hidrogenosdelnervion.es\\\/wp-content\\\/uploads\\\/2025\\\/02\\\/marca1.png\",\"width\":2480,\"height\":804,\"caption\":\"HIDROGENOS DEL NERVION - H2PLANET\"},\"image\":{\"@id\":\"https:\\\/\\\/hidrogenosdelnervion.es\\\/#\\\/schema\\\/logo\\\/image\\\/\"}}]}<\/script>\n<!-- \/ Yoast SEO plugin. -->","yoast_head_json":{"title":"Contactos - HIDROGENOS DEL NERVION - H2PLANET","robots":{"index":"index","follow":"follow","max-snippet":"max-snippet:-1","max-image-preview":"max-image-preview:large","max-video-preview":"max-video-preview:-1"},"canonical":"https:\/\/hidrogenosdelnervion.es\/eu\/contactos\/","og_locale":"en_US","og_type":"article","og_title":"Contactos - HIDROGENOS DEL NERVION - H2PLANET","og_description":"Estamos aqu\u00ed para ayudarte. \u00bfQuieres m\u00e1s informaci\u00f3n sobre nuestras soluciones en hidr\u00f3geno? Lideramos la innovaci\u00f3n en tecnolog\u00eda de hidr\u00f3geno. Escr\u00edbenos y descubre c\u00f3mo podemos impulsar tu proyecto. POLIGONO INDUSTRIAL LA RONDINA I-4, 48460 Ordu\u00f1a (Bizkaia) +34 660 752 803 bgordejuela@h2planet.es begona@horizonfuelcell.com staff@h2planet.es Escr\u00edbenos y te asesoramos.","og_url":"https:\/\/hidrogenosdelnervion.es\/eu\/contactos\/","og_site_name":"HIDROGENOS DEL NERVION - H2PLANET","article_modified_time":"2025-06-17T07:57:53+00:00","og_image":[{"width":1600,"height":618,"url":"https:\/\/hidrogenosdelnervion.es\/wp-content\/uploads\/2025\/03\/WhatsApp-Image-2025-03-10-at-13.02.11.jpeg","type":"image\/jpeg"}],"twitter_card":"summary_large_image","twitter_misc":{"Est. reading time":"1 minutua"},"schema":{"@context":"https:\/\/schema.org","@graph":[{"@type":"WebPage","@id":"https:\/\/hidrogenosdelnervion.es\/contactos\/","url":"https:\/\/hidrogenosdelnervion.es\/contactos\/","name":"Contactos - HIDROGENOS DEL NERVION - H2PLANET","isPartOf":{"@id":"https:\/\/hidrogenosdelnervion.es\/#website"},"primaryImageOfPage":{"@id":"https:\/\/hidrogenosdelnervion.es\/contactos\/#primaryimage"},"image":{"@id":"https:\/\/hidrogenosdelnervion.es\/contactos\/#primaryimage"},"thumbnailUrl":"https:\/\/hidrogenosdelnervion.es\/wp-content\/uploads\/2025\/03\/WhatsApp-Image-2025-03-10-at-13.02.11-1536x593.jpeg","datePublished":"2025-02-21T13:43:27+00:00","dateModified":"2025-06-17T07:57:53+00:00","breadcrumb":{"@id":"https:\/\/hidrogenosdelnervion.es\/contactos\/#breadcrumb"},"inLanguage":"eu","potentialAction":[{"@type":"ReadAction","target":["https:\/\/hidrogenosdelnervion.es\/contactos\/"]}]},{"@type":"ImageObject","inLanguage":"eu","@id":"https:\/\/hidrogenosdelnervion.es\/contactos\/#primaryimage","url":"https:\/\/hidrogenosdelnervion.es\/wp-content\/uploads\/2025\/03\/WhatsApp-Image-2025-03-10-at-13.02.11-1536x593.jpeg","contentUrl":"https:\/\/hidrogenosdelnervion.es\/wp-content\/uploads\/2025\/03\/WhatsApp-Image-2025-03-10-at-13.02.11-1536x593.jpeg"},{"@type":"BreadcrumbList","@id":"https:\/\/hidrogenosdelnervion.es\/contactos\/#breadcrumb","itemListElement":[{"@type":"ListItem","position":1,"name":"Portada","item":"https:\/\/hidrogenosdelnervion.es\/"},{"@type":"ListItem","position":2,"name":"Contactos"}]},{"@type":"WebSite","@id":"https:\/\/hidrogenosdelnervion.es\/#website","url":"https:\/\/hidrogenosdelnervion.es\/","name":"NERBIOIKO HIDROGENOAK - H2PLANET","description":"Sistemas de Hidr\u00f3geno y pilas de combustible tipo PEM","publisher":{"@id":"https:\/\/hidrogenosdelnervion.es\/#organization"},"potentialAction":[{"@type":"SearchAction","target":{"@type":"EntryPoint","urlTemplate":"https:\/\/hidrogenosdelnervion.es\/?s={search_term_string}"},"query-input":{"@type":"PropertyValueSpecification","valueRequired":true,"valueName":"search_term_string"}}],"inLanguage":"eu"},{"@type":"Organization","@id":"https:\/\/hidrogenosdelnervion.es\/#organization","name":"NERBIOIKO HIDROGENOAK - H2PLANET","url":"https:\/\/hidrogenosdelnervion.es\/","logo":{"@type":"ImageObject","inLanguage":"eu","@id":"https:\/\/hidrogenosdelnervion.es\/#\/schema\/logo\/image\/","url":"https:\/\/hidrogenosdelnervion.es\/wp-content\/uploads\/2025\/02\/marca1.png","contentUrl":"https:\/\/hidrogenosdelnervion.es\/wp-content\/uploads\/2025\/02\/marca1.png","width":2480,"height":804,"caption":"HIDROGENOS DEL NERVION - H2PLANET"},"image":{"@id":"https:\/\/hidrogenosdelnervion.es\/#\/schema\/logo\/image\/"}}]}},"_links":{"self":[{"href":"https:\/\/hidrogenosdelnervion.es\/eu\/wp-json\/wp\/v2\/pages\/72","targetHints":{"allow":["GET"]}}],"collection":[{"href":"https:\/\/hidrogenosdelnervion.es\/eu\/wp-json\/wp\/v2\/pages"}],"about":[{"href":"https:\/\/hidrogenosdelnervion.es\/eu\/wp-json\/wp\/v2\/types\/page"}],"author":[{"embeddable":true,"href":"https:\/\/hidrogenosdelnervion.es\/eu\/wp-json\/wp\/v2\/users\/1"}],"replies":[{"embeddable":true,"href":"https:\/\/hidrogenosdelnervion.es\/eu\/wp-json\/wp\/v2\/comments?post=72"}],"version-history":[{"count":124,"href":"https:\/\/hidrogenosdelnervion.es\/eu\/wp-json\/wp\/v2\/pages\/72\/revisions"}],"predecessor-version":[{"id":827,"href":"https:\/\/hidrogenosdelnervion.es\/eu\/wp-json\/wp\/v2\/pages\/72\/revisions\/827"}],"wp:attachment":[{"href":"https:\/\/hidrogenosdelnervion.es\/eu\/wp-json\/wp\/v2\/media?parent=72"}],"curies":[{"name":"wp","href":"https:\/\/api.w.org\/{rel}","templated":true}]}}